{"id":418,"date":"2021-05-29T12:41:11","date_gmt":"2021-05-29T17:41:11","guid":{"rendered":"https:\/\/soluteccol.com\/nuevapag\/mitienda\/?page_id=418"},"modified":"2024-10-11T13:28:04","modified_gmt":"2024-10-11T18:28:04","slug":"quienes-somos","status":"publish","type":"page","link":"https:\/\/soluteccol.com\/nuevapag\/quienes-somos\/","title":{"rendered":"Quienes Somos"},"content":{"rendered":"\t<section class=\"section dark has-parallax\" id=\"section_1899208678\">\n\t\t<div class=\"bg section-bg fill bg-fill  \" data-parallax-container=\".section\" data-parallax-background data-parallax=\"-10\">\n\n\t\t\t\n\t\t\t<div class=\"section-bg-overlay absolute fill\"><\/div>\n\t\t\t\n\n\t\t<\/div>\n\n\t\t<div class=\"section-content relative\">\n\t\t\t\n<div class=\"row\" style=\"max-width:1200px\" id=\"row-1075551559\">\n\n\t<div id=\"col-589676203\" class=\"col medium-6 small-12 large-5\"  data-animate=\"bounceInDown\">\n\t\t\t\t<div class=\"col-inner\"  >\n\t\t\t\n\t\t\t\n\t<div id=\"gap-1125180235\" class=\"gap-element clearfix\" style=\"display:block; height:auto;\">\n\t\t\n<style>\n#gap-1125180235 {\n  padding-top: 60px;\n}\n<\/style>\n\t<\/div>\n\t\n\t\t<\/div>\n\t\t\t\t\t<\/div>\n\n\t\n<\/div>\n\t\t<\/div>\n\n\t\t\n<style>\n#section_1899208678 {\n  padding-top: 30px;\n  padding-bottom: 30px;\n  min-height: 170px;\n  background-color: #fe1d25;\n}\n#section_1899208678 .section-bg-overlay {\n  background-color: rgba(254, 29, 37, 0.82);\n}\n#section_1899208678 .section-bg.bg-loaded {\n  background-image: url(https:\/\/soluteccol.com\/nuevapag\/wp-content\/uploads\/2024\/10\/WhatsApp-Image-2024-09-17-at-3.56.27-PM-1.jpeg);\n}\n#section_1899208678 .section-bg {\n  background-position: 59% 72%;\n}\n@media (min-width:550px) {\n  #section_1899208678 {\n    min-height: 400px;\n  }\n  #section_1899208678 .section-bg-overlay {\n    background-color: rgba(254, 29, 37, 0.715);\n  }\n}\n<\/style>\n\t<\/section>\n\t\n\t<section class=\"section\" id=\"section_1616877249\">\n\t\t<div class=\"bg section-bg fill bg-fill  bg-loaded\" >\n\n\t\t\t\n\t\t\t\n\t\t\t\n\n\t\t<\/div>\n\n\t\t<div class=\"section-content relative\">\n\t\t\t\n<div class=\"row\" style=\"max-width:1200px\" id=\"row-389771510\">\n\n\t<div id=\"col-962168942\" class=\"col small-12 large-12\"  >\n\t\t\t\t<div class=\"col-inner\"  >\n\t\t\t\n\t\t\t\n<div class=\"row align-bottom\" style=\"max-width:1173px\" id=\"row-912826236\">\n\n\t<div id=\"col-1610667406\" class=\"col medium-12 small-12 large-6\"  data-animate=\"fadeInUp\">\n\t\t\t\t<div class=\"col-inner\"  >\n\t\t\t\n\t\t\t\n<p><span data-text-color=\"primary\"><strong>Empresa l\u00edder en el Alquiler, Venta y Mantenimiento<\/strong><\/span> de Equipos Multifuncionales en Bogot\u00e1 y el resto de Colombia. Nuestra experiencia, puntualidad y garant\u00eda aseguran un servicio de calidad y la satisfacci\u00f3n total de nuestros clientes. Experiencia que nos ha permitido construir fuertes relaciones con nuestros socios comerciales.<\/p>\n<a class=\"button primary is-link\"  >\n    <span>Cont\u00e1ctanos<\/span>\n  <i class=\"icon-angle-right\" ><\/i><\/a>\n\n\t\t<\/div>\n\t\t\t\t\t<\/div>\n\n\t\n\n\t<div id=\"col-510963498\" class=\"col medium-12 small-12 large-4 medium-col-first\"  data-animate=\"fadeInUp\">\n\t\t\t\t<div class=\"col-inner\"  >\n\t\t\t\n\t\t\t\n\n  <div class=\"banner has-hover\" id=\"banner-1266167942\">\n          <div class=\"banner-inner fill\">\n        <div class=\"banner-bg fill\" >\n            <div class=\"bg fill bg-fill \"><\/div>\n                                    \n                    <\/div>\n        <div class=\"banner-layers container\">\n            <div class=\"fill banner-link\"><\/div>            \n        <\/div>\n      <\/div>\n\n            \n<style>\n#banner-1266167942 {\n  padding-top: 168%;\n  background-color: rgb(255, 255, 255);\n}\n#banner-1266167942 .bg.bg-loaded {\n  background-image: url(https:\/\/soluteccol.com\/nuevapag\/wp-content\/uploads\/2024\/10\/WhatsApp-Image-2024-09-17-at-11.06.44-AM-474x800.jpeg);\n}\n#banner-1266167942 .bg {\n  background-position: 16% 61%;\n}\n@media (min-width:550px) {\n  #banner-1266167942 {\n    padding-top: 600px;\n  }\n}\n@media (min-width:850px) {\n  #banner-1266167942 {\n    padding-top: 591px;\n  }\n}\n<\/style>\n  <\/div>\n\n\n\t\t<\/div>\n\t\t\t\t\n<style>\n#col-510963498 > .col-inner {\n  padding: 0px 0px 30px 0px;\n  margin: -70px 0px 0px 0px;\n}\n@media (min-width:850px) {\n  #col-510963498 > .col-inner {\n    margin: -260px 0px 0px 0px;\n  }\n}\n<\/style>\n\t<\/div>\n\n\t\n<\/div>\n\t\t<\/div>\n\t\t\t\t\t<\/div>\n\n\t\n<\/div>\n\t\t<\/div>\n\n\t\t\n<style>\n#section_1616877249 {\n  padding-top: 30px;\n  padding-bottom: 30px;\n  background-color: rgba(255, 255, 255, 0);\n}\n<\/style>\n\t<\/section>\n\t\n\t<section class=\"section has-parallax\" id=\"section_299771609\">\n\t\t<div class=\"bg section-bg fill bg-fill  \" data-parallax-container=\".section\" data-parallax-background data-parallax=\"-10\">\n\n\t\t\t\n\t\t\t\n\t\t\t\n\n\t\t<\/div>\n\n\t\t<div class=\"section-content relative\">\n\t\t\t\n<div class=\"row\" style=\"max-width:1200px\" id=\"row-920828411\">\n\n\t<div id=\"col-1183696203\" class=\"col medium-11 small-12 large-10\"  data-animate=\"bounceIn\">\n\t\t\t\t<div class=\"col-inner\"  >\n\t\t\t\n\t\t\t\n\t<div id=\"gap-2098928170\" class=\"gap-element clearfix\" style=\"display:block; height:auto;\">\n\t\t\n<style>\n#gap-2098928170 {\n  padding-top: 30px;\n}\n<\/style>\n\t<\/div>\n\t\n\n  <div class=\"banner has-hover\" id=\"banner-740084692\">\n          <div class=\"banner-inner fill\">\n        <div class=\"banner-bg fill\" >\n            <div class=\"bg fill bg-fill \"><\/div>\n                                    \n                    <\/div>\n        <div class=\"banner-layers container\">\n            <div class=\"fill banner-link\"><\/div>            \n        <\/div>\n      <\/div>\n\n            \n<style>\n#banner-740084692 {\n  padding-top: 56.25%;\n  background-color: rgb(249, 245, 229);\n}\n#banner-740084692 .bg.bg-loaded {\n  background-image: url(https:\/\/soluteccol.com\/nuevapag\/wp-content\/uploads\/2024\/10\/WhatsApp-Image-2024-09-17-at-11.12.16-AM-2.jpeg);\n}\n#banner-740084692 .bg {\n  background-position: 51% 51%;\n}\n@media (min-width:550px) {\n  #banner-740084692 {\n    padding-top: 500px;\n  }\n}\n<\/style>\n  <\/div>\n\n\n\t\t<\/div>\n\t\t\t\t\t<\/div>\n\n\t\n<\/div>\n<div class=\"row align-right\" style=\"max-width:1200px\" id=\"row-1290126432\">\n\n\t<div id=\"col-656225195\" class=\"col medium-8 small-12 large-6\"  data-animate=\"fadeInRight\">\n\t\t\t\t<div class=\"col-inner\" style=\"background-color:rgb(255, 255, 255);\" >\n\t\t\t\n\t\t\t\n\t<div id=\"text-4194518419\" class=\"text\">\n\t\t\n<h2>Nuestro Objetivo<\/h2>\n\t\t\n<style>\n#text-4194518419 {\n  font-size: 1.5rem;\n  color: #fe1d25;\n}\n#text-4194518419 > * {\n  color: #fe1d25;\n}\n<\/style>\n\t<\/div>\n\t\n<p>En el 2026 ser reconocida como una de las mejores empresas en sistemas de alquiler de fotocopiadoras,impresoras y multifuncionales blanco\/negro y color en el \u00e1rea local y nacional, con una capacidad de instalaci\u00f3nde m\u00e1s de 2.000 equipos, brindando un servicio de calidad y excelencia. \u00a0<\/p>\n\t\t<\/div>\n\t\t\t\t\n<style>\n#col-656225195 > .col-inner {\n  padding: 10% 10% 10% 10%;\n  margin: -42px -42px 0px 0px;\n}\n@media (min-width:550px) {\n  #col-656225195 > .col-inner {\n    margin: -317px -42px 0px 0px;\n  }\n}\n<\/style>\n\t<\/div>\n\n\t\n<\/div>\n<div class=\"row align-center\" style=\"max-width:1200px\" id=\"row-434338967\">\n\n\t<div id=\"col-1586220288\" class=\"col medium-7 small-12 large-5\"  data-animate=\"bounceInDown\">\n\t\t\t\t<div class=\"col-inner text-center\"  >\n\t\t\t\n\t\t\t\n\t<div id=\"gap-253622737\" class=\"gap-element clearfix\" style=\"display:block; height:auto;\">\n\t\t\n<style>\n#gap-253622737 {\n  padding-top: 50px;\n}\n@media (min-width:550px) {\n  #gap-253622737 {\n    padding-top: 60px;\n  }\n}\n@media (min-width:850px) {\n  #gap-253622737 {\n    padding-top: 70px;\n  }\n}\n<\/style>\n\t<\/div>\n\t\n\t<div id=\"text-3171229970\" class=\"text\">\n\t\t\n<h2>\u00a1Hablemos un rato!<\/h2>\n\t\t\n<style>\n#text-3171229970 {\n  font-size: 1.5rem;\n  text-align: center;\n  color: #fe1d25;\n}\n#text-3171229970 > * {\n  color: #fe1d25;\n}\n<\/style>\n\t<\/div>\n\t\n\t<div id=\"text-4147168186\" class=\"text\">\n\t\t\n<p>Cont\u00e1ctanos y obt\u00e9n una atenci\u00f3n personalizada<\/p>\n\t\t\n<style>\n#text-4147168186 {\n  text-align: center;\n  color: rgb(0,0,0);\n}\n#text-4147168186 > * {\n  color: rgb(0,0,0);\n}\n<\/style>\n\t<\/div>\n\t\n<a class=\"button primary is-link\"  >\n    <span>Cont\u00e1ctanos<\/span>\n  <i class=\"icon-angle-right\" ><\/i><\/a>\n\n\t\t<\/div>\n\t\t\t\t\t<\/div>\n\n\t\n<\/div>\n\n  <div class=\"banner has-hover has-video\" id=\"banner-1502926737\">\n          <div class=\"banner-inner fill\">\n        <div class=\"banner-bg fill\" >\n            <div class=\"bg fill bg-fill \"><\/div>\n            \t<div class=\"video-overlay no-click fill visible\"><\/div>\n\t<video class=\"video-bg fill visible\" preload playsinline autoplay\n\t\tmuted\t\tloop>\n\t\t<source src=\"https:\/\/soluteccol.com\/nuevapag\/wp-content\/uploads\/2024\/09\/VID2.2.mp4\" type=\"video\/mp4\">\t<\/video>\n                        \n                    <\/div>\n        <div class=\"banner-layers container\">\n            <div class=\"fill banner-link\"><\/div>            \n        <\/div>\n      <\/div>\n\n            \n<style>\n#banner-1502926737 {\n  padding-top: 99.99%;\n}\n@media (min-width:550px) {\n  #banner-1502926737 {\n    padding-top: 500px;\n  }\n}\n<\/style>\n  <\/div>\n\n\n\t\t<\/div>\n\n\t\t\n<style>\n#section_299771609 {\n  padding-top: 40px;\n  padding-bottom: 40px;\n}\n#section_299771609 .section-bg.bg-loaded {\n  background-image: url(https:\/\/soluteccol.com\/nuevapag\/wp-content\/uploads\/2024\/09\/Background-01-scaled.jpg);\n}\n#section_299771609 .section-bg {\n  background-position: 51% 0%;\n}\n@media (min-width:550px) {\n  #section_299771609 {\n    padding-top: 80px;\n    padding-bottom: 80px;\n  }\n}\n@media (min-width:850px) {\n  #section_299771609 {\n    padding-top: 100px;\n    padding-bottom: 100px;\n  }\n}\n<\/style>\n\t<\/section>\n\t\n","protected":false},"excerpt":{"rendered":"","protected":false},"author":2,"featured_media":0,"parent":0,"menu_order":0,"comment_status":"closed","ping_status":"closed","template":"","meta":{"footnotes":""},"yoast_head":"<!-- This site is optimized with the Yoast SEO Premium plugin v16.2 - https:\/\/yoast.com\/wordpress\/plugins\/seo\/ -->\n<title>Quienes Somos - Solutec<\/title>\n<meta name=\"robots\" content=\"index, follow, max-snippet:-1, max-image-preview:large, max-video-preview:-1\" \/>\n<link rel=\"canonical\" href=\"https:\/\/soluteccol.com\/nuevapag\/quienes-somos\/\" \/>\n<meta property=\"og:locale\" content=\"es_ES\" \/>\n<meta property=\"og:type\" content=\"article\" \/>\n<meta property=\"og:title\" content=\"Quienes Somos - Solutec\" \/>\n<meta property=\"og:url\" content=\"https:\/\/soluteccol.com\/nuevapag\/quienes-somos\/\" \/>\n<meta property=\"og:site_name\" content=\"Solutec\" \/>\n<meta property=\"article:modified_time\" content=\"2024-10-11T18:28:04+00:00\" \/>\n<meta name=\"twitter:card\" content=\"summary_large_image\" \/>\n<meta name=\"twitter:label1\" content=\"Tiempo de lectura\">\n\t<meta name=\"twitter:data1\" content=\"2 minutos\">\n<script type=\"application\/ld+json\" class=\"yoast-schema-graph\">{\"@context\":\"https:\/\/schema.org\",\"@graph\":[{\"@type\":\"WebSite\",\"@id\":\"https:\/\/soluteccol.com\/nuevapag\/#website\",\"url\":\"https:\/\/soluteccol.com\/nuevapag\/\",\"name\":\"Solutec\",\"description\":\"\",\"potentialAction\":[{\"@type\":\"SearchAction\",\"target\":\"https:\/\/soluteccol.com\/nuevapag\/?s={search_term_string}\",\"query-input\":\"required name=search_term_string\"}],\"inLanguage\":\"es\"},{\"@type\":\"WebPage\",\"@id\":\"https:\/\/soluteccol.com\/nuevapag\/quienes-somos\/#webpage\",\"url\":\"https:\/\/soluteccol.com\/nuevapag\/quienes-somos\/\",\"name\":\"Quienes Somos - Solutec\",\"isPartOf\":{\"@id\":\"https:\/\/soluteccol.com\/nuevapag\/#website\"},\"datePublished\":\"2021-05-29T17:41:11+00:00\",\"dateModified\":\"2024-10-11T18:28:04+00:00\",\"breadcrumb\":{\"@id\":\"https:\/\/soluteccol.com\/nuevapag\/quienes-somos\/#breadcrumb\"},\"inLanguage\":\"es\",\"potentialAction\":[{\"@type\":\"ReadAction\",\"target\":[\"https:\/\/soluteccol.com\/nuevapag\/quienes-somos\/\"]}]},{\"@type\":\"BreadcrumbList\",\"@id\":\"https:\/\/soluteccol.com\/nuevapag\/quienes-somos\/#breadcrumb\",\"itemListElement\":[{\"@type\":\"ListItem\",\"position\":1,\"item\":{\"@type\":\"WebPage\",\"@id\":\"https:\/\/soluteccol.com\/nuevapag\/\",\"url\":\"https:\/\/soluteccol.com\/nuevapag\/\",\"name\":\"Inicio\"}},{\"@type\":\"ListItem\",\"position\":2,\"item\":{\"@id\":\"https:\/\/soluteccol.com\/nuevapag\/quienes-somos\/#webpage\"}}]}]}<\/script>\n<!-- \/ Yoast SEO Premium plugin. -->","lang":false,"translations":[],"_links":{"self":[{"href":"https:\/\/soluteccol.com\/nuevapag\/wp-json\/wp\/v2\/pages\/418"}],"collection":[{"href":"https:\/\/soluteccol.com\/nuevapag\/wp-json\/wp\/v2\/pages"}],"about":[{"href":"https:\/\/soluteccol.com\/nuevapag\/wp-json\/wp\/v2\/types\/page"}],"author":[{"embeddable":true,"href":"https:\/\/soluteccol.com\/nuevapag\/wp-json\/wp\/v2\/users\/2"}],"replies":[{"embeddable":true,"href":"https:\/\/soluteccol.com\/nuevapag\/wp-json\/wp\/v2\/comments?post=418"}],"version-history":[{"count":28,"href":"https:\/\/soluteccol.com\/nuevapag\/wp-json\/wp\/v2\/pages\/418\/revisions"}],"predecessor-version":[{"id":2533,"href":"https:\/\/soluteccol.com\/nuevapag\/wp-json\/wp\/v2\/pages\/418\/revisions\/2533"}],"wp:attachment":[{"href":"https:\/\/soluteccol.com\/nuevapag\/wp-json\/wp\/v2\/media?parent=418"}],"curies":[{"name":"wp","href":"https:\/\/api.w.org\/{rel}","templated":true}]}}