{"id":2477,"date":"2024-10-04T10:23:45","date_gmt":"2024-10-04T15:23:45","guid":{"rendered":"https:\/\/soluteccol.com\/nuevapag\/?post_type=product&#038;p=2477"},"modified":"2024-10-04T10:31:10","modified_gmt":"2024-10-04T15:31:10","slug":"ricoh-mp-501spf","status":"publish","type":"product","link":"https:\/\/soluteccol.com\/nuevapag\/product\/ricoh-mp-501spf\/","title":{"rendered":"Ricoh MP 501SPF"},"content":{"rendered":"<p>GENERAL<\/p>\n<p>Tiempo de calentamiento 60 segundos<\/p>\n<p>Primera velocidad de salida 6 segundos<\/p>\n<p>Velocidad de salida continua: A4 50 ppm<\/p>\n<p>Velocidad de salida continua: A4 d\u00faplex 50 ppm<\/p>\n<p>CPU &#8211; Procesador Intel Atom Bay Trail 1,46 GHz<\/p>\n<p>Memoria &#8211; Est\u00e1ndar 2 GB<\/p>\n<p>HDD &#8211; Est\u00e1ndar 320 GB<\/p>\n<p>Dimensiones (An x Pr x Al) 475 x 504 x 645 mm<\/p>\n<p>Peso 28 kilos<\/p>\n<p>Fuente de alimentaci\u00f3n 220 &#8211; 240 V, 50\/60 Hz<\/p>\n","protected":false},"excerpt":{"rendered":"<p>GENERAL Tiempo de calentamiento 60 segundos Primera velocidad de salida 6 segundos Velocidad de salida continua: A4 50 ppm Velocidad de salida continua: A4 d\u00faplex 50 ppm CPU &#8211; Procesador Intel Atom Bay Trail 1,46 GHz Memoria &#8211; Est\u00e1ndar 2 GB HDD &#8211; Est\u00e1ndar 320 GB Dimensiones (An x Pr x Al) 475 x 504 [&#8230;]\n","protected":false},"featured_media":2461,"comment_status":"open","ping_status":"closed","template":"","meta":[],"yoast_head":"<!-- This site is optimized with the Yoast SEO Premium plugin v16.2 - https:\/\/yoast.com\/wordpress\/plugins\/seo\/ -->\n<title>Ricoh MP 501SPF - Solutec<\/title>\n<meta name=\"robots\" content=\"index, follow, max-snippet:-1, max-image-preview:large, max-video-preview:-1\" \/>\n<link rel=\"canonical\" href=\"https:\/\/soluteccol.com\/nuevapag\/product\/ricoh-mp-501spf\/\" \/>\n<meta property=\"og:locale\" content=\"es_ES\" \/>\n<meta property=\"og:type\" content=\"article\" \/>\n<meta property=\"og:title\" content=\"Ricoh MP 501SPF - Solutec\" \/>\n<meta property=\"og:description\" content=\"GENERAL Tiempo de calentamiento 60 segundos Primera velocidad de salida 6 segundos Velocidad de salida continua: A4 50 ppm Velocidad de salida continua: A4 d\u00faplex 50 ppm CPU &#8211; Procesador Intel Atom Bay Trail 1,46 GHz Memoria &#8211; Est\u00e1ndar 2 GB HDD &#8211; Est\u00e1ndar 320 GB Dimensiones (An x Pr x Al) 475 x 504 [...]\" \/>\n<meta property=\"og:url\" content=\"https:\/\/soluteccol.com\/nuevapag\/product\/ricoh-mp-501spf\/\" \/>\n<meta property=\"og:site_name\" content=\"Solutec\" \/>\n<meta property=\"article:modified_time\" content=\"2024-10-04T15:31:10+00:00\" \/>\n<meta property=\"og:image\" content=\"https:\/\/soluteccol.com\/nuevapag\/wp-content\/uploads\/2024\/10\/Artboard-1Ricoh-MP-501.jpg\" \/>\n\t<meta property=\"og:image:width\" content=\"1080\" \/>\n\t<meta property=\"og:image:height\" content=\"1080\" \/>\n<meta name=\"twitter:card\" content=\"summary_large_image\" \/>\n<meta name=\"twitter:label1\" content=\"Precio\">\n\t<meta name=\"twitter:data1\" content=\"\">\n\t<meta name=\"twitter:label2\" content=\"Availability\">\n\t<meta name=\"twitter:data2\" content=\"In stock\">\n<script type=\"application\/ld+json\" class=\"yoast-schema-graph\">{\"@context\":\"https:\/\/schema.org\",\"@graph\":[{\"@type\":\"WebSite\",\"@id\":\"https:\/\/soluteccol.com\/nuevapag\/#website\",\"url\":\"https:\/\/soluteccol.com\/nuevapag\/\",\"name\":\"Solutec\",\"description\":\"\",\"potentialAction\":[{\"@type\":\"SearchAction\",\"target\":\"https:\/\/soluteccol.com\/nuevapag\/?s={search_term_string}\",\"query-input\":\"required name=search_term_string\"}],\"inLanguage\":\"es\"},{\"@type\":\"ImageObject\",\"@id\":\"https:\/\/soluteccol.com\/nuevapag\/product\/ricoh-mp-501spf\/#primaryimage\",\"inLanguage\":\"es\",\"url\":\"https:\/\/soluteccol.com\/nuevapag\/wp-content\/uploads\/2024\/10\/Artboard-1Ricoh-MP-501.jpg\",\"contentUrl\":\"https:\/\/soluteccol.com\/nuevapag\/wp-content\/uploads\/2024\/10\/Artboard-1Ricoh-MP-501.jpg\",\"width\":1080,\"height\":1080},{\"@type\":\"WebPage\",\"@id\":\"https:\/\/soluteccol.com\/nuevapag\/product\/ricoh-mp-501spf\/#webpage\",\"url\":\"https:\/\/soluteccol.com\/nuevapag\/product\/ricoh-mp-501spf\/\",\"name\":\"Ricoh MP 501SPF - Solutec\",\"isPartOf\":{\"@id\":\"https:\/\/soluteccol.com\/nuevapag\/#website\"},\"primaryImageOfPage\":{\"@id\":\"https:\/\/soluteccol.com\/nuevapag\/product\/ricoh-mp-501spf\/#primaryimage\"},\"datePublished\":\"2024-10-04T15:23:45+00:00\",\"dateModified\":\"2024-10-04T15:31:10+00:00\",\"breadcrumb\":{\"@id\":\"https:\/\/soluteccol.com\/nuevapag\/product\/ricoh-mp-501spf\/#breadcrumb\"},\"inLanguage\":\"es\",\"potentialAction\":[{\"@type\":\"ReadAction\",\"target\":[\"https:\/\/soluteccol.com\/nuevapag\/product\/ricoh-mp-501spf\/\"]}]},{\"@type\":\"BreadcrumbList\",\"@id\":\"https:\/\/soluteccol.com\/nuevapag\/product\/ricoh-mp-501spf\/#breadcrumb\",\"itemListElement\":[{\"@type\":\"ListItem\",\"position\":1,\"item\":{\"@type\":\"WebPage\",\"@id\":\"https:\/\/soluteccol.com\/nuevapag\/\",\"url\":\"https:\/\/soluteccol.com\/nuevapag\/\",\"name\":\"Inicio\"}},{\"@type\":\"ListItem\",\"position\":2,\"item\":{\"@type\":\"WebPage\",\"@id\":\"https:\/\/soluteccol.com\/nuevapag\/tienda\/\",\"url\":\"https:\/\/soluteccol.com\/nuevapag\/tienda\/\",\"name\":\"Tienda\"}},{\"@type\":\"ListItem\",\"position\":3,\"item\":{\"@id\":\"https:\/\/soluteccol.com\/nuevapag\/product\/ricoh-mp-501spf\/#webpage\"}}]}]}<\/script>\n<!-- \/ Yoast SEO Premium plugin. -->","_links":{"self":[{"href":"https:\/\/soluteccol.com\/nuevapag\/wp-json\/wp\/v2\/product\/2477"}],"collection":[{"href":"https:\/\/soluteccol.com\/nuevapag\/wp-json\/wp\/v2\/product"}],"about":[{"href":"https:\/\/soluteccol.com\/nuevapag\/wp-json\/wp\/v2\/types\/product"}],"replies":[{"embeddable":true,"href":"https:\/\/soluteccol.com\/nuevapag\/wp-json\/wp\/v2\/comments?post=2477"}],"wp:featuredmedia":[{"embeddable":true,"href":"https:\/\/soluteccol.com\/nuevapag\/wp-json\/wp\/v2\/media\/2461"}],"wp:attachment":[{"href":"https:\/\/soluteccol.com\/nuevapag\/wp-json\/wp\/v2\/media?parent=2477"}],"curies":[{"name":"wp","href":"https:\/\/api.w.org\/{rel}","templated":true}]}}