{"id":2487,"date":"2024-10-04T10:23:46","date_gmt":"2024-10-04T15:23:46","guid":{"rendered":"https:\/\/soluteccol.com\/nuevapag\/?post_type=product&#038;p=2487"},"modified":"2024-10-04T10:44:29","modified_gmt":"2024-10-04T15:44:29","slug":"toshiba-estudio-5508a-6508a-7508a-8508a","status":"publish","type":"product","link":"https:\/\/soluteccol.com\/nuevapag\/product\/toshiba-estudio-5508a-6508a-7508a-8508a\/","title":{"rendered":"Toshiba Estudio 5508A\/6508A\/7508A\/8508\u00aa"},"content":{"rendered":"<p>GENERAL<\/p>\n<p>Tiempo de calentamiento Aprox. 24\/24\/20\/20 segundos<\/p>\n<p>Primera velocidad de salida B\/N 5.2\/5.2\/4.5\/4.1 segundos<\/p>\n<p>Velocidad de salida continua: 55\/65\/75\/85 p\u00e1ginas por minuto<\/p>\n<p>Memoria &#8211; Est\u00e1ndar 4 GB<\/p>\n<p>HDD &#8211; Est\u00e1ndar 320 GB<\/p>\n<p>Dimensiones (An x Pr x Al) 37.6\u201d x 28.9\u201d x 48.3\u201d<\/p>\n<p>Peso 195 kilos<\/p>\n<p>Fuente de alimentaci\u00f3n 120 Volts, 50\/60 Hz, 16 Amps<\/p>\n","protected":false},"excerpt":{"rendered":"<p>GENERAL Tiempo de calentamiento Aprox. 24\/24\/20\/20 segundos Primera velocidad de salida B\/N 5.2\/5.2\/4.5\/4.1 segundos Velocidad de salida continua: 55\/65\/75\/85 p\u00e1ginas por minuto Memoria &#8211; Est\u00e1ndar 4 GB HDD &#8211; Est\u00e1ndar 320 GB Dimensiones (An x Pr x Al) 37.6\u201d x 28.9\u201d x 48.3\u201d Peso 195 kilos Fuente de alimentaci\u00f3n 120 Volts, 50\/60 Hz, 16 Amps<\/p>\n","protected":false},"featured_media":2462,"comment_status":"open","ping_status":"closed","template":"","meta":[],"yoast_head":"<!-- This site is optimized with the Yoast SEO Premium plugin v16.2 - https:\/\/yoast.com\/wordpress\/plugins\/seo\/ -->\n<title>Toshiba Estudio 5508A\/6508A\/7508A\/8508\u00aa - Solutec<\/title>\n<meta name=\"robots\" content=\"index, follow, max-snippet:-1, max-image-preview:large, max-video-preview:-1\" \/>\n<link rel=\"canonical\" href=\"https:\/\/soluteccol.com\/nuevapag\/product\/toshiba-estudio-5508a-6508a-7508a-8508a\/\" \/>\n<meta property=\"og:locale\" content=\"es_ES\" \/>\n<meta property=\"og:type\" content=\"article\" \/>\n<meta property=\"og:title\" content=\"Toshiba Estudio 5508A\/6508A\/7508A\/8508\u00aa - Solutec\" \/>\n<meta property=\"og:description\" content=\"GENERAL Tiempo de calentamiento Aprox. 24\/24\/20\/20 segundos Primera velocidad de salida B\/N 5.2\/5.2\/4.5\/4.1 segundos Velocidad de salida continua: 55\/65\/75\/85 p\u00e1ginas por minuto Memoria &#8211; Est\u00e1ndar 4 GB HDD &#8211; Est\u00e1ndar 320 GB Dimensiones (An x Pr x Al) 37.6\u201d x 28.9\u201d x 48.3\u201d Peso 195 kilos Fuente de alimentaci\u00f3n 120 Volts, 50\/60 Hz, 16 Amps\" \/>\n<meta property=\"og:url\" content=\"https:\/\/soluteccol.com\/nuevapag\/product\/toshiba-estudio-5508a-6508a-7508a-8508a\/\" \/>\n<meta property=\"og:site_name\" content=\"Solutec\" \/>\n<meta property=\"article:modified_time\" content=\"2024-10-04T15:44:29+00:00\" \/>\n<meta property=\"og:image\" content=\"https:\/\/soluteccol.com\/nuevapag\/wp-content\/uploads\/2024\/10\/Artboard-15508A_6508A.jpg\" \/>\n\t<meta property=\"og:image:width\" content=\"1080\" \/>\n\t<meta property=\"og:image:height\" content=\"1080\" \/>\n<meta name=\"twitter:card\" content=\"summary_large_image\" \/>\n<meta name=\"twitter:label1\" content=\"Precio\">\n\t<meta name=\"twitter:data1\" content=\"\">\n\t<meta name=\"twitter:label2\" content=\"Availability\">\n\t<meta name=\"twitter:data2\" content=\"In stock\">\n<script type=\"application\/ld+json\" class=\"yoast-schema-graph\">{\"@context\":\"https:\/\/schema.org\",\"@graph\":[{\"@type\":\"WebSite\",\"@id\":\"https:\/\/soluteccol.com\/nuevapag\/#website\",\"url\":\"https:\/\/soluteccol.com\/nuevapag\/\",\"name\":\"Solutec\",\"description\":\"\",\"potentialAction\":[{\"@type\":\"SearchAction\",\"target\":\"https:\/\/soluteccol.com\/nuevapag\/?s={search_term_string}\",\"query-input\":\"required name=search_term_string\"}],\"inLanguage\":\"es\"},{\"@type\":\"ImageObject\",\"@id\":\"https:\/\/soluteccol.com\/nuevapag\/product\/toshiba-estudio-5508a-6508a-7508a-8508a\/#primaryimage\",\"inLanguage\":\"es\",\"url\":\"https:\/\/soluteccol.com\/nuevapag\/wp-content\/uploads\/2024\/10\/Artboard-15508A_6508A.jpg\",\"contentUrl\":\"https:\/\/soluteccol.com\/nuevapag\/wp-content\/uploads\/2024\/10\/Artboard-15508A_6508A.jpg\",\"width\":1080,\"height\":1080},{\"@type\":\"WebPage\",\"@id\":\"https:\/\/soluteccol.com\/nuevapag\/product\/toshiba-estudio-5508a-6508a-7508a-8508a\/#webpage\",\"url\":\"https:\/\/soluteccol.com\/nuevapag\/product\/toshiba-estudio-5508a-6508a-7508a-8508a\/\",\"name\":\"Toshiba Estudio 5508A\/6508A\/7508A\/8508\\u00aa - Solutec\",\"isPartOf\":{\"@id\":\"https:\/\/soluteccol.com\/nuevapag\/#website\"},\"primaryImageOfPage\":{\"@id\":\"https:\/\/soluteccol.com\/nuevapag\/product\/toshiba-estudio-5508a-6508a-7508a-8508a\/#primaryimage\"},\"datePublished\":\"2024-10-04T15:23:46+00:00\",\"dateModified\":\"2024-10-04T15:44:29+00:00\",\"breadcrumb\":{\"@id\":\"https:\/\/soluteccol.com\/nuevapag\/product\/toshiba-estudio-5508a-6508a-7508a-8508a\/#breadcrumb\"},\"inLanguage\":\"es\",\"potentialAction\":[{\"@type\":\"ReadAction\",\"target\":[\"https:\/\/soluteccol.com\/nuevapag\/product\/toshiba-estudio-5508a-6508a-7508a-8508a\/\"]}]},{\"@type\":\"BreadcrumbList\",\"@id\":\"https:\/\/soluteccol.com\/nuevapag\/product\/toshiba-estudio-5508a-6508a-7508a-8508a\/#breadcrumb\",\"itemListElement\":[{\"@type\":\"ListItem\",\"position\":1,\"item\":{\"@type\":\"WebPage\",\"@id\":\"https:\/\/soluteccol.com\/nuevapag\/\",\"url\":\"https:\/\/soluteccol.com\/nuevapag\/\",\"name\":\"Inicio\"}},{\"@type\":\"ListItem\",\"position\":2,\"item\":{\"@type\":\"WebPage\",\"@id\":\"https:\/\/soluteccol.com\/nuevapag\/tienda\/\",\"url\":\"https:\/\/soluteccol.com\/nuevapag\/tienda\/\",\"name\":\"Tienda\"}},{\"@type\":\"ListItem\",\"position\":3,\"item\":{\"@id\":\"https:\/\/soluteccol.com\/nuevapag\/product\/toshiba-estudio-5508a-6508a-7508a-8508a\/#webpage\"}}]}]}<\/script>\n<!-- \/ Yoast SEO Premium plugin. -->","_links":{"self":[{"href":"https:\/\/soluteccol.com\/nuevapag\/wp-json\/wp\/v2\/product\/2487"}],"collection":[{"href":"https:\/\/soluteccol.com\/nuevapag\/wp-json\/wp\/v2\/product"}],"about":[{"href":"https:\/\/soluteccol.com\/nuevapag\/wp-json\/wp\/v2\/types\/product"}],"replies":[{"embeddable":true,"href":"https:\/\/soluteccol.com\/nuevapag\/wp-json\/wp\/v2\/comments?post=2487"}],"wp:featuredmedia":[{"embeddable":true,"href":"https:\/\/soluteccol.com\/nuevapag\/wp-json\/wp\/v2\/media\/2462"}],"wp:attachment":[{"href":"https:\/\/soluteccol.com\/nuevapag\/wp-json\/wp\/v2\/media?parent=2487"}],"curies":[{"name":"wp","href":"https:\/\/api.w.org\/{rel}","templated":true}]}}