{"id":2490,"date":"2024-10-04T10:23:46","date_gmt":"2024-10-04T15:23:46","guid":{"rendered":"https:\/\/soluteccol.com\/nuevapag\/?post_type=product&#038;p=2490"},"modified":"2024-10-11T12:43:03","modified_gmt":"2024-10-11T17:43:03","slug":"toshiba-estudio-2000ac","status":"publish","type":"product","link":"https:\/\/soluteccol.com\/nuevapag\/product\/toshiba-estudio-2000ac\/","title":{"rendered":"Toshiba Estudio 2000AC"},"content":{"rendered":"<p>GENERAL<\/p>\n<p>Tiempo de calentamiento Aprox. 13 segundos<\/p>\n<p>Primera velocidad de salida B\/N 9,5 segundos<\/p>\n<p>Velocidad de salida continua: 20 p\u00e1ginas por minuto<\/p>\n<p>Memoria &#8211; Est\u00e1ndar 4 GB<\/p>\n<p>HDD &#8211; Est\u00e1ndar 320 GB<\/p>\n<p>Dimensiones (An x Pr x Al) 575 x 585 x 662 mm<\/p>\n<p>Peso 65 kilos<\/p>\n<p>Fuente de alimentaci\u00f3n 120 Volts, 50\/60 Hz, 12 Amps<\/p>\n","protected":false},"excerpt":{"rendered":"<p>GENERAL Tiempo de calentamiento Aprox. 13 segundos Primera velocidad de salida B\/N 9,5 segundos Velocidad de salida continua: 20 p\u00e1ginas por minuto Memoria &#8211; Est\u00e1ndar 4 GB HDD &#8211; Est\u00e1ndar 320 GB Dimensiones (An x Pr x Al) 575 x 585 x 662 mm Peso 65 kilos Fuente de alimentaci\u00f3n 120 Volts, 50\/60 Hz, 12 [&#8230;]\n","protected":false},"featured_media":2535,"comment_status":"open","ping_status":"closed","template":"","meta":[],"yoast_head":"<!-- This site is optimized with the Yoast SEO Premium plugin v16.2 - https:\/\/yoast.com\/wordpress\/plugins\/seo\/ -->\n<title>Toshiba Estudio 2000AC - Solutec<\/title>\n<meta name=\"robots\" content=\"index, follow, max-snippet:-1, max-image-preview:large, max-video-preview:-1\" \/>\n<link rel=\"canonical\" href=\"https:\/\/soluteccol.com\/nuevapag\/product\/toshiba-estudio-2000ac\/\" \/>\n<meta property=\"og:locale\" content=\"es_ES\" \/>\n<meta property=\"og:type\" content=\"article\" \/>\n<meta property=\"og:title\" content=\"Toshiba Estudio 2000AC - Solutec\" \/>\n<meta property=\"og:description\" content=\"GENERAL Tiempo de calentamiento Aprox. 13 segundos Primera velocidad de salida B\/N 9,5 segundos Velocidad de salida continua: 20 p\u00e1ginas por minuto Memoria &#8211; Est\u00e1ndar 4 GB HDD &#8211; Est\u00e1ndar 320 GB Dimensiones (An x Pr x Al) 575 x 585 x 662 mm Peso 65 kilos Fuente de alimentaci\u00f3n 120 Volts, 50\/60 Hz, 12 [...]\" \/>\n<meta property=\"og:url\" content=\"https:\/\/soluteccol.com\/nuevapag\/product\/toshiba-estudio-2000ac\/\" \/>\n<meta property=\"og:site_name\" content=\"Solutec\" \/>\n<meta property=\"article:modified_time\" content=\"2024-10-11T17:43:03+00:00\" \/>\n<meta property=\"og:image\" content=\"https:\/\/soluteccol.com\/nuevapag\/wp-content\/uploads\/2024\/10\/Artboard-12000AC.jpg\" \/>\n\t<meta property=\"og:image:width\" content=\"1080\" \/>\n\t<meta property=\"og:image:height\" content=\"1080\" \/>\n<meta name=\"twitter:card\" content=\"summary_large_image\" \/>\n<meta name=\"twitter:label1\" content=\"Precio\">\n\t<meta name=\"twitter:data1\" content=\"\">\n\t<meta name=\"twitter:label2\" content=\"Availability\">\n\t<meta name=\"twitter:data2\" content=\"In stock\">\n<script type=\"application\/ld+json\" class=\"yoast-schema-graph\">{\"@context\":\"https:\/\/schema.org\",\"@graph\":[{\"@type\":\"WebSite\",\"@id\":\"https:\/\/soluteccol.com\/nuevapag\/#website\",\"url\":\"https:\/\/soluteccol.com\/nuevapag\/\",\"name\":\"Solutec\",\"description\":\"\",\"potentialAction\":[{\"@type\":\"SearchAction\",\"target\":\"https:\/\/soluteccol.com\/nuevapag\/?s={search_term_string}\",\"query-input\":\"required name=search_term_string\"}],\"inLanguage\":\"es\"},{\"@type\":\"ImageObject\",\"@id\":\"https:\/\/soluteccol.com\/nuevapag\/product\/toshiba-estudio-2000ac\/#primaryimage\",\"inLanguage\":\"es\",\"url\":\"https:\/\/soluteccol.com\/nuevapag\/wp-content\/uploads\/2024\/10\/Artboard-12000AC.jpg\",\"contentUrl\":\"https:\/\/soluteccol.com\/nuevapag\/wp-content\/uploads\/2024\/10\/Artboard-12000AC.jpg\",\"width\":1080,\"height\":1080},{\"@type\":\"WebPage\",\"@id\":\"https:\/\/soluteccol.com\/nuevapag\/product\/toshiba-estudio-2000ac\/#webpage\",\"url\":\"https:\/\/soluteccol.com\/nuevapag\/product\/toshiba-estudio-2000ac\/\",\"name\":\"Toshiba Estudio 2000AC - Solutec\",\"isPartOf\":{\"@id\":\"https:\/\/soluteccol.com\/nuevapag\/#website\"},\"primaryImageOfPage\":{\"@id\":\"https:\/\/soluteccol.com\/nuevapag\/product\/toshiba-estudio-2000ac\/#primaryimage\"},\"datePublished\":\"2024-10-04T15:23:46+00:00\",\"dateModified\":\"2024-10-11T17:43:03+00:00\",\"breadcrumb\":{\"@id\":\"https:\/\/soluteccol.com\/nuevapag\/product\/toshiba-estudio-2000ac\/#breadcrumb\"},\"inLanguage\":\"es\",\"potentialAction\":[{\"@type\":\"ReadAction\",\"target\":[\"https:\/\/soluteccol.com\/nuevapag\/product\/toshiba-estudio-2000ac\/\"]}]},{\"@type\":\"BreadcrumbList\",\"@id\":\"https:\/\/soluteccol.com\/nuevapag\/product\/toshiba-estudio-2000ac\/#breadcrumb\",\"itemListElement\":[{\"@type\":\"ListItem\",\"position\":1,\"item\":{\"@type\":\"WebPage\",\"@id\":\"https:\/\/soluteccol.com\/nuevapag\/\",\"url\":\"https:\/\/soluteccol.com\/nuevapag\/\",\"name\":\"Inicio\"}},{\"@type\":\"ListItem\",\"position\":2,\"item\":{\"@type\":\"WebPage\",\"@id\":\"https:\/\/soluteccol.com\/nuevapag\/tienda\/\",\"url\":\"https:\/\/soluteccol.com\/nuevapag\/tienda\/\",\"name\":\"Tienda\"}},{\"@type\":\"ListItem\",\"position\":3,\"item\":{\"@id\":\"https:\/\/soluteccol.com\/nuevapag\/product\/toshiba-estudio-2000ac\/#webpage\"}}]}]}<\/script>\n<!-- \/ Yoast SEO Premium plugin. -->","_links":{"self":[{"href":"https:\/\/soluteccol.com\/nuevapag\/wp-json\/wp\/v2\/product\/2490"}],"collection":[{"href":"https:\/\/soluteccol.com\/nuevapag\/wp-json\/wp\/v2\/product"}],"about":[{"href":"https:\/\/soluteccol.com\/nuevapag\/wp-json\/wp\/v2\/types\/product"}],"replies":[{"embeddable":true,"href":"https:\/\/soluteccol.com\/nuevapag\/wp-json\/wp\/v2\/comments?post=2490"}],"wp:featuredmedia":[{"embeddable":true,"href":"https:\/\/soluteccol.com\/nuevapag\/wp-json\/wp\/v2\/media\/2535"}],"wp:attachment":[{"href":"https:\/\/soluteccol.com\/nuevapag\/wp-json\/wp\/v2\/media?parent=2490"}],"curies":[{"name":"wp","href":"https:\/\/api.w.org\/{rel}","templated":true}]}}