{"id":2493,"date":"2024-10-04T10:23:46","date_gmt":"2024-10-04T15:23:46","guid":{"rendered":"https:\/\/soluteccol.com\/nuevapag\/?post_type=product&#038;p=2493"},"modified":"2024-10-04T10:23:59","modified_gmt":"2024-10-04T15:23:59","slug":"toshiba-estudio-2515ac-3515ac","status":"publish","type":"product","link":"https:\/\/soluteccol.com\/nuevapag\/product\/toshiba-estudio-2515ac-3515ac\/","title":{"rendered":"Toshiba Estudio 2515AC\/3515AC"},"content":{"rendered":"<p>GENERAL<\/p>\n<p>Tiempo de calentamiento Aprox. 20 segundos<\/p>\n<p>Primera velocidad de salida B\/N\/Color 5.9\/5.9\/5.9 &#8211; 7.8\/7.8\/7.8 segundos<\/p>\n<p>Velocidad de salida continua: 25\/30\/35 p\u00e1ginas por minuto<\/p>\n<p>Memoria &#8211; Est\u00e1ndar 4 GB<\/p>\n<p>HDD &#8211; Est\u00e1ndar 320 GB<\/p>\n<p>Dimensiones (An x Pr x Al) 23\u201d x 25.2\u201d x 31\u201d<\/p>\n<p>Peso 75 kilos<\/p>\n<p>Fuente de alimentaci\u00f3n 120 Volts, 50\/60 Hz, 12 Amps<\/p>\n","protected":false},"excerpt":{"rendered":"<p>GENERAL Tiempo de calentamiento Aprox. 20 segundos Primera velocidad de salida B\/N\/Color 5.9\/5.9\/5.9 &#8211; 7.8\/7.8\/7.8 segundos Velocidad de salida continua: 25\/30\/35 p\u00e1ginas por minuto Memoria &#8211; Est\u00e1ndar 4 GB HDD &#8211; Est\u00e1ndar 320 GB Dimensiones (An x Pr x Al) 23\u201d x 25.2\u201d x 31\u201d Peso 75 kilos Fuente de alimentaci\u00f3n 120 Volts, 50\/60 Hz, [&#8230;]\n","protected":false},"featured_media":2070,"comment_status":"open","ping_status":"closed","template":"","meta":[],"yoast_head":"<!-- This site is optimized with the Yoast SEO Premium plugin v16.2 - https:\/\/yoast.com\/wordpress\/plugins\/seo\/ -->\n<title>Toshiba Estudio 2515AC\/3515AC - Solutec<\/title>\n<meta name=\"robots\" content=\"index, follow, max-snippet:-1, max-image-preview:large, max-video-preview:-1\" \/>\n<link rel=\"canonical\" href=\"https:\/\/soluteccol.com\/nuevapag\/product\/toshiba-estudio-2515ac-3515ac\/\" \/>\n<meta property=\"og:locale\" content=\"es_ES\" \/>\n<meta property=\"og:type\" content=\"article\" \/>\n<meta property=\"og:title\" content=\"Toshiba Estudio 2515AC\/3515AC - Solutec\" \/>\n<meta property=\"og:description\" content=\"GENERAL Tiempo de calentamiento Aprox. 20 segundos Primera velocidad de salida B\/N\/Color 5.9\/5.9\/5.9 &#8211; 7.8\/7.8\/7.8 segundos Velocidad de salida continua: 25\/30\/35 p\u00e1ginas por minuto Memoria &#8211; Est\u00e1ndar 4 GB HDD &#8211; Est\u00e1ndar 320 GB Dimensiones (An x Pr x Al) 23\u201d x 25.2\u201d x 31\u201d Peso 75 kilos Fuente de alimentaci\u00f3n 120 Volts, 50\/60 Hz, [...]\" \/>\n<meta property=\"og:url\" content=\"https:\/\/soluteccol.com\/nuevapag\/product\/toshiba-estudio-2515ac-3515ac\/\" \/>\n<meta property=\"og:site_name\" content=\"Solutec\" \/>\n<meta property=\"article:modified_time\" content=\"2024-10-04T15:23:59+00:00\" \/>\n<meta name=\"twitter:card\" content=\"summary_large_image\" \/>\n<meta name=\"twitter:image\" content=\"https:\/\/soluteccol.com\/nuevapag\/wp-content\/uploads\/2024\/09\/ST2515AC-3015AC-3515AC.webp\" \/>\n<meta name=\"twitter:label1\" content=\"Precio\">\n\t<meta name=\"twitter:data1\" content=\"\">\n\t<meta name=\"twitter:label2\" content=\"Availability\">\n\t<meta name=\"twitter:data2\" content=\"In stock\">\n<script type=\"application\/ld+json\" class=\"yoast-schema-graph\">{\"@context\":\"https:\/\/schema.org\",\"@graph\":[{\"@type\":\"WebSite\",\"@id\":\"https:\/\/soluteccol.com\/nuevapag\/#website\",\"url\":\"https:\/\/soluteccol.com\/nuevapag\/\",\"name\":\"Solutec\",\"description\":\"\",\"potentialAction\":[{\"@type\":\"SearchAction\",\"target\":\"https:\/\/soluteccol.com\/nuevapag\/?s={search_term_string}\",\"query-input\":\"required name=search_term_string\"}],\"inLanguage\":\"es\"},{\"@type\":\"ImageObject\",\"@id\":\"https:\/\/soluteccol.com\/nuevapag\/product\/toshiba-estudio-2515ac-3515ac\/#primaryimage\",\"inLanguage\":\"es\",\"url\":\"https:\/\/soluteccol.com\/nuevapag\/wp-content\/uploads\/2024\/09\/ST2515AC-3015AC-3515AC.webp\",\"contentUrl\":\"https:\/\/soluteccol.com\/nuevapag\/wp-content\/uploads\/2024\/09\/ST2515AC-3015AC-3515AC.webp\",\"width\":1000,\"height\":1000},{\"@type\":\"WebPage\",\"@id\":\"https:\/\/soluteccol.com\/nuevapag\/product\/toshiba-estudio-2515ac-3515ac\/#webpage\",\"url\":\"https:\/\/soluteccol.com\/nuevapag\/product\/toshiba-estudio-2515ac-3515ac\/\",\"name\":\"Toshiba Estudio 2515AC\/3515AC - Solutec\",\"isPartOf\":{\"@id\":\"https:\/\/soluteccol.com\/nuevapag\/#website\"},\"primaryImageOfPage\":{\"@id\":\"https:\/\/soluteccol.com\/nuevapag\/product\/toshiba-estudio-2515ac-3515ac\/#primaryimage\"},\"datePublished\":\"2024-10-04T15:23:46+00:00\",\"dateModified\":\"2024-10-04T15:23:59+00:00\",\"breadcrumb\":{\"@id\":\"https:\/\/soluteccol.com\/nuevapag\/product\/toshiba-estudio-2515ac-3515ac\/#breadcrumb\"},\"inLanguage\":\"es\",\"potentialAction\":[{\"@type\":\"ReadAction\",\"target\":[\"https:\/\/soluteccol.com\/nuevapag\/product\/toshiba-estudio-2515ac-3515ac\/\"]}]},{\"@type\":\"BreadcrumbList\",\"@id\":\"https:\/\/soluteccol.com\/nuevapag\/product\/toshiba-estudio-2515ac-3515ac\/#breadcrumb\",\"itemListElement\":[{\"@type\":\"ListItem\",\"position\":1,\"item\":{\"@type\":\"WebPage\",\"@id\":\"https:\/\/soluteccol.com\/nuevapag\/\",\"url\":\"https:\/\/soluteccol.com\/nuevapag\/\",\"name\":\"Inicio\"}},{\"@type\":\"ListItem\",\"position\":2,\"item\":{\"@type\":\"WebPage\",\"@id\":\"https:\/\/soluteccol.com\/nuevapag\/tienda\/\",\"url\":\"https:\/\/soluteccol.com\/nuevapag\/tienda\/\",\"name\":\"Tienda\"}},{\"@type\":\"ListItem\",\"position\":3,\"item\":{\"@id\":\"https:\/\/soluteccol.com\/nuevapag\/product\/toshiba-estudio-2515ac-3515ac\/#webpage\"}}]}]}<\/script>\n<!-- \/ Yoast SEO Premium plugin. -->","_links":{"self":[{"href":"https:\/\/soluteccol.com\/nuevapag\/wp-json\/wp\/v2\/product\/2493"}],"collection":[{"href":"https:\/\/soluteccol.com\/nuevapag\/wp-json\/wp\/v2\/product"}],"about":[{"href":"https:\/\/soluteccol.com\/nuevapag\/wp-json\/wp\/v2\/types\/product"}],"replies":[{"embeddable":true,"href":"https:\/\/soluteccol.com\/nuevapag\/wp-json\/wp\/v2\/comments?post=2493"}],"wp:featuredmedia":[{"embeddable":true,"href":"https:\/\/soluteccol.com\/nuevapag\/wp-json\/wp\/v2\/media\/2070"}],"wp:attachment":[{"href":"https:\/\/soluteccol.com\/nuevapag\/wp-json\/wp\/v2\/media?parent=2493"}],"curies":[{"name":"wp","href":"https:\/\/api.w.org\/{rel}","templated":true}]}}