{"id":2502,"date":"2024-10-04T10:23:47","date_gmt":"2024-10-04T15:23:47","guid":{"rendered":"https:\/\/soluteccol.com\/nuevapag\/?post_type=product&#038;p=2502"},"modified":"2024-10-04T10:24:05","modified_gmt":"2024-10-04T15:24:05","slug":"ricoh-im-c4500-6000","status":"publish","type":"product","link":"https:\/\/soluteccol.com\/nuevapag\/product\/ricoh-im-c4500-6000\/","title":{"rendered":"Ricoh IM C4500\/6000"},"content":{"rendered":"<p>GENERAL<\/p>\n<p>Tiempo de calentamiento 21 segundos<\/p>\n<p>Primera velocidad de salida B\/N-COLOR 3,6\/5,4 &#8211; 2,9\/4,2 segundos<\/p>\n<p>Velocidad de salida continua: 45\/60 p\u00e1ginas por minuto<\/p>\n<p>Memoria &#8211; Est\u00e1ndar 2 GB<\/p>\n<p>HDD &#8211; Est\u00e1ndar 320 GB<\/p>\n<p>Dimensiones (An x Pr x Al) 23.1\u201d x 27\u201d x 37.9\u201d<\/p>\n<p>Peso 101,4 kilos<\/p>\n<p>Fuente de alimentaci\u00f3n 120V &#8211; 127V 60Hz<\/p>\n","protected":false},"excerpt":{"rendered":"<p>GENERAL Tiempo de calentamiento 21 segundos Primera velocidad de salida B\/N-COLOR 3,6\/5,4 &#8211; 2,9\/4,2 segundos Velocidad de salida continua: 45\/60 p\u00e1ginas por minuto Memoria &#8211; Est\u00e1ndar 2 GB HDD &#8211; Est\u00e1ndar 320 GB Dimensiones (An x Pr x Al) 23.1\u201d x 27\u201d x 37.9\u201d Peso 101,4 kilos Fuente de alimentaci\u00f3n 120V &#8211; 127V 60Hz<\/p>\n","protected":false},"featured_media":2057,"comment_status":"open","ping_status":"closed","template":"","meta":[],"yoast_head":"<!-- This site is optimized with the Yoast SEO Premium plugin v16.2 - https:\/\/yoast.com\/wordpress\/plugins\/seo\/ -->\n<title>Ricoh IM C4500\/6000 - Solutec<\/title>\n<meta name=\"robots\" content=\"index, follow, max-snippet:-1, max-image-preview:large, max-video-preview:-1\" \/>\n<link rel=\"canonical\" href=\"https:\/\/soluteccol.com\/nuevapag\/product\/ricoh-im-c4500-6000\/\" \/>\n<meta property=\"og:locale\" content=\"es_ES\" \/>\n<meta property=\"og:type\" content=\"article\" \/>\n<meta property=\"og:title\" content=\"Ricoh IM C4500\/6000 - Solutec\" \/>\n<meta property=\"og:description\" content=\"GENERAL Tiempo de calentamiento 21 segundos Primera velocidad de salida B\/N-COLOR 3,6\/5,4 &#8211; 2,9\/4,2 segundos Velocidad de salida continua: 45\/60 p\u00e1ginas por minuto Memoria &#8211; Est\u00e1ndar 2 GB HDD &#8211; Est\u00e1ndar 320 GB Dimensiones (An x Pr x Al) 23.1\u201d x 27\u201d x 37.9\u201d Peso 101,4 kilos Fuente de alimentaci\u00f3n 120V &#8211; 127V 60Hz\" \/>\n<meta property=\"og:url\" content=\"https:\/\/soluteccol.com\/nuevapag\/product\/ricoh-im-c4500-6000\/\" \/>\n<meta property=\"og:site_name\" content=\"Solutec\" \/>\n<meta property=\"article:modified_time\" content=\"2024-10-04T15:24:05+00:00\" \/>\n<meta name=\"twitter:card\" content=\"summary_large_image\" \/>\n<meta name=\"twitter:image\" content=\"https:\/\/soluteccol.com\/nuevapag\/wp-content\/uploads\/2024\/09\/IM_C4500-6000.webp\" \/>\n<meta name=\"twitter:label1\" content=\"Precio\">\n\t<meta name=\"twitter:data1\" content=\"\">\n\t<meta name=\"twitter:label2\" content=\"Availability\">\n\t<meta name=\"twitter:data2\" content=\"In stock\">\n<script type=\"application\/ld+json\" class=\"yoast-schema-graph\">{\"@context\":\"https:\/\/schema.org\",\"@graph\":[{\"@type\":\"WebSite\",\"@id\":\"https:\/\/soluteccol.com\/nuevapag\/#website\",\"url\":\"https:\/\/soluteccol.com\/nuevapag\/\",\"name\":\"Solutec\",\"description\":\"\",\"potentialAction\":[{\"@type\":\"SearchAction\",\"target\":\"https:\/\/soluteccol.com\/nuevapag\/?s={search_term_string}\",\"query-input\":\"required name=search_term_string\"}],\"inLanguage\":\"es\"},{\"@type\":\"ImageObject\",\"@id\":\"https:\/\/soluteccol.com\/nuevapag\/product\/ricoh-im-c4500-6000\/#primaryimage\",\"inLanguage\":\"es\",\"url\":\"https:\/\/soluteccol.com\/nuevapag\/wp-content\/uploads\/2024\/09\/IM_C4500-6000.webp\",\"contentUrl\":\"https:\/\/soluteccol.com\/nuevapag\/wp-content\/uploads\/2024\/09\/IM_C4500-6000.webp\",\"width\":1000,\"height\":833},{\"@type\":\"WebPage\",\"@id\":\"https:\/\/soluteccol.com\/nuevapag\/product\/ricoh-im-c4500-6000\/#webpage\",\"url\":\"https:\/\/soluteccol.com\/nuevapag\/product\/ricoh-im-c4500-6000\/\",\"name\":\"Ricoh IM C4500\/6000 - Solutec\",\"isPartOf\":{\"@id\":\"https:\/\/soluteccol.com\/nuevapag\/#website\"},\"primaryImageOfPage\":{\"@id\":\"https:\/\/soluteccol.com\/nuevapag\/product\/ricoh-im-c4500-6000\/#primaryimage\"},\"datePublished\":\"2024-10-04T15:23:47+00:00\",\"dateModified\":\"2024-10-04T15:24:05+00:00\",\"breadcrumb\":{\"@id\":\"https:\/\/soluteccol.com\/nuevapag\/product\/ricoh-im-c4500-6000\/#breadcrumb\"},\"inLanguage\":\"es\",\"potentialAction\":[{\"@type\":\"ReadAction\",\"target\":[\"https:\/\/soluteccol.com\/nuevapag\/product\/ricoh-im-c4500-6000\/\"]}]},{\"@type\":\"BreadcrumbList\",\"@id\":\"https:\/\/soluteccol.com\/nuevapag\/product\/ricoh-im-c4500-6000\/#breadcrumb\",\"itemListElement\":[{\"@type\":\"ListItem\",\"position\":1,\"item\":{\"@type\":\"WebPage\",\"@id\":\"https:\/\/soluteccol.com\/nuevapag\/\",\"url\":\"https:\/\/soluteccol.com\/nuevapag\/\",\"name\":\"Inicio\"}},{\"@type\":\"ListItem\",\"position\":2,\"item\":{\"@type\":\"WebPage\",\"@id\":\"https:\/\/soluteccol.com\/nuevapag\/tienda\/\",\"url\":\"https:\/\/soluteccol.com\/nuevapag\/tienda\/\",\"name\":\"Tienda\"}},{\"@type\":\"ListItem\",\"position\":3,\"item\":{\"@id\":\"https:\/\/soluteccol.com\/nuevapag\/product\/ricoh-im-c4500-6000\/#webpage\"}}]}]}<\/script>\n<!-- \/ Yoast SEO Premium plugin. -->","_links":{"self":[{"href":"https:\/\/soluteccol.com\/nuevapag\/wp-json\/wp\/v2\/product\/2502"}],"collection":[{"href":"https:\/\/soluteccol.com\/nuevapag\/wp-json\/wp\/v2\/product"}],"about":[{"href":"https:\/\/soluteccol.com\/nuevapag\/wp-json\/wp\/v2\/types\/product"}],"replies":[{"embeddable":true,"href":"https:\/\/soluteccol.com\/nuevapag\/wp-json\/wp\/v2\/comments?post=2502"}],"wp:featuredmedia":[{"embeddable":true,"href":"https:\/\/soluteccol.com\/nuevapag\/wp-json\/wp\/v2\/media\/2057"}],"wp:attachment":[{"href":"https:\/\/soluteccol.com\/nuevapag\/wp-json\/wp\/v2\/media?parent=2502"}],"curies":[{"name":"wp","href":"https:\/\/api.w.org\/{rel}","templated":true}]}}