{"id":2504,"date":"2024-10-04T10:23:47","date_gmt":"2024-10-04T15:23:47","guid":{"rendered":"https:\/\/soluteccol.com\/nuevapag\/?post_type=product&#038;p=2504"},"modified":"2024-10-04T10:24:07","modified_gmt":"2024-10-04T15:24:07","slug":"ricoh-pro-c5300","status":"publish","type":"product","link":"https:\/\/soluteccol.com\/nuevapag\/product\/ricoh-pro-c5300\/","title":{"rendered":"Ricoh PRO C5300"},"content":{"rendered":"<p>GENERAL<\/p>\n<p>Tiempo de calentamiento menos 120 segundos<\/p>\n<p>Resoluci\u00f3n Copiado \/ Impresi\u00f3n 600ppp \/ 1200x4800ppp<\/p>\n<p>Velocidad de salida continua: 65 p\u00e1ginas por minuto<\/p>\n<p>Memoria &#8211; Est\u00e1ndar 4 GB<\/p>\n<p>HDD &#8211; Est\u00e1ndar 500 GB<\/p>\n<p>Dimensiones (An x Pr x Al) 79,8 \u00d7 87,9 \u00d7 164,8 cm<\/p>\n<p>Peso Menos 262 kilos<\/p>\n<p>Fuente de alimentaci\u00f3n 5,813kWh\/sem.<\/p>\n","protected":false},"excerpt":{"rendered":"<p>GENERAL Tiempo de calentamiento menos 120 segundos Resoluci\u00f3n Copiado \/ Impresi\u00f3n 600ppp \/ 1200x4800ppp Velocidad de salida continua: 65 p\u00e1ginas por minuto Memoria &#8211; Est\u00e1ndar 4 GB HDD &#8211; Est\u00e1ndar 500 GB Dimensiones (An x Pr x Al) 79,8 \u00d7 87,9 \u00d7 164,8 cm Peso Menos 262 kilos Fuente de alimentaci\u00f3n 5,813kWh\/sem.<\/p>\n","protected":false},"featured_media":2066,"comment_status":"open","ping_status":"closed","template":"","meta":[],"yoast_head":"<!-- This site is optimized with the Yoast SEO Premium plugin v16.2 - https:\/\/yoast.com\/wordpress\/plugins\/seo\/ -->\n<title>Ricoh PRO C5300 - Solutec<\/title>\n<meta name=\"robots\" content=\"index, follow, max-snippet:-1, max-image-preview:large, max-video-preview:-1\" \/>\n<link rel=\"canonical\" href=\"https:\/\/soluteccol.com\/nuevapag\/product\/ricoh-pro-c5300\/\" \/>\n<meta property=\"og:locale\" content=\"es_ES\" \/>\n<meta property=\"og:type\" content=\"article\" \/>\n<meta property=\"og:title\" content=\"Ricoh PRO C5300 - Solutec\" \/>\n<meta property=\"og:description\" content=\"GENERAL Tiempo de calentamiento menos 120 segundos Resoluci\u00f3n Copiado \/ Impresi\u00f3n 600ppp \/ 1200x4800ppp Velocidad de salida continua: 65 p\u00e1ginas por minuto Memoria &#8211; Est\u00e1ndar 4 GB HDD &#8211; Est\u00e1ndar 500 GB Dimensiones (An x Pr x Al) 79,8 \u00d7 87,9 \u00d7 164,8 cm Peso Menos 262 kilos Fuente de alimentaci\u00f3n 5,813kWh\/sem.\" \/>\n<meta property=\"og:url\" content=\"https:\/\/soluteccol.com\/nuevapag\/product\/ricoh-pro-c5300\/\" \/>\n<meta property=\"og:site_name\" content=\"Solutec\" \/>\n<meta property=\"article:modified_time\" content=\"2024-10-04T15:24:07+00:00\" \/>\n<meta name=\"twitter:card\" content=\"summary_large_image\" \/>\n<meta name=\"twitter:image\" content=\"https:\/\/soluteccol.com\/nuevapag\/wp-content\/uploads\/2024\/09\/PRO-C5300.webp\" \/>\n<meta name=\"twitter:label1\" content=\"Precio\">\n\t<meta name=\"twitter:data1\" content=\"\">\n\t<meta name=\"twitter:label2\" content=\"Availability\">\n\t<meta name=\"twitter:data2\" content=\"In stock\">\n<script type=\"application\/ld+json\" class=\"yoast-schema-graph\">{\"@context\":\"https:\/\/schema.org\",\"@graph\":[{\"@type\":\"WebSite\",\"@id\":\"https:\/\/soluteccol.com\/nuevapag\/#website\",\"url\":\"https:\/\/soluteccol.com\/nuevapag\/\",\"name\":\"Solutec\",\"description\":\"\",\"potentialAction\":[{\"@type\":\"SearchAction\",\"target\":\"https:\/\/soluteccol.com\/nuevapag\/?s={search_term_string}\",\"query-input\":\"required name=search_term_string\"}],\"inLanguage\":\"es\"},{\"@type\":\"ImageObject\",\"@id\":\"https:\/\/soluteccol.com\/nuevapag\/product\/ricoh-pro-c5300\/#primaryimage\",\"inLanguage\":\"es\",\"url\":\"https:\/\/soluteccol.com\/nuevapag\/wp-content\/uploads\/2024\/09\/PRO-C5300.webp\",\"contentUrl\":\"https:\/\/soluteccol.com\/nuevapag\/wp-content\/uploads\/2024\/09\/PRO-C5300.webp\",\"width\":1024,\"height\":1024},{\"@type\":\"WebPage\",\"@id\":\"https:\/\/soluteccol.com\/nuevapag\/product\/ricoh-pro-c5300\/#webpage\",\"url\":\"https:\/\/soluteccol.com\/nuevapag\/product\/ricoh-pro-c5300\/\",\"name\":\"Ricoh PRO C5300 - Solutec\",\"isPartOf\":{\"@id\":\"https:\/\/soluteccol.com\/nuevapag\/#website\"},\"primaryImageOfPage\":{\"@id\":\"https:\/\/soluteccol.com\/nuevapag\/product\/ricoh-pro-c5300\/#primaryimage\"},\"datePublished\":\"2024-10-04T15:23:47+00:00\",\"dateModified\":\"2024-10-04T15:24:07+00:00\",\"breadcrumb\":{\"@id\":\"https:\/\/soluteccol.com\/nuevapag\/product\/ricoh-pro-c5300\/#breadcrumb\"},\"inLanguage\":\"es\",\"potentialAction\":[{\"@type\":\"ReadAction\",\"target\":[\"https:\/\/soluteccol.com\/nuevapag\/product\/ricoh-pro-c5300\/\"]}]},{\"@type\":\"BreadcrumbList\",\"@id\":\"https:\/\/soluteccol.com\/nuevapag\/product\/ricoh-pro-c5300\/#breadcrumb\",\"itemListElement\":[{\"@type\":\"ListItem\",\"position\":1,\"item\":{\"@type\":\"WebPage\",\"@id\":\"https:\/\/soluteccol.com\/nuevapag\/\",\"url\":\"https:\/\/soluteccol.com\/nuevapag\/\",\"name\":\"Inicio\"}},{\"@type\":\"ListItem\",\"position\":2,\"item\":{\"@type\":\"WebPage\",\"@id\":\"https:\/\/soluteccol.com\/nuevapag\/tienda\/\",\"url\":\"https:\/\/soluteccol.com\/nuevapag\/tienda\/\",\"name\":\"Tienda\"}},{\"@type\":\"ListItem\",\"position\":3,\"item\":{\"@id\":\"https:\/\/soluteccol.com\/nuevapag\/product\/ricoh-pro-c5300\/#webpage\"}}]}]}<\/script>\n<!-- \/ Yoast SEO Premium plugin. -->","_links":{"self":[{"href":"https:\/\/soluteccol.com\/nuevapag\/wp-json\/wp\/v2\/product\/2504"}],"collection":[{"href":"https:\/\/soluteccol.com\/nuevapag\/wp-json\/wp\/v2\/product"}],"about":[{"href":"https:\/\/soluteccol.com\/nuevapag\/wp-json\/wp\/v2\/types\/product"}],"replies":[{"embeddable":true,"href":"https:\/\/soluteccol.com\/nuevapag\/wp-json\/wp\/v2\/comments?post=2504"}],"wp:featuredmedia":[{"embeddable":true,"href":"https:\/\/soluteccol.com\/nuevapag\/wp-json\/wp\/v2\/media\/2066"}],"wp:attachment":[{"href":"https:\/\/soluteccol.com\/nuevapag\/wp-json\/wp\/v2\/media?parent=2504"}],"curies":[{"name":"wp","href":"https:\/\/api.w.org\/{rel}","templated":true}]}}