{"id":2505,"date":"2024-10-04T10:23:48","date_gmt":"2024-10-04T15:23:48","guid":{"rendered":"https:\/\/soluteccol.com\/nuevapag\/?post_type=product&#038;p=2505"},"modified":"2024-10-11T13:22:15","modified_gmt":"2024-10-11T18:22:15","slug":"ricoh-pro-c7100","status":"publish","type":"product","link":"https:\/\/soluteccol.com\/nuevapag\/product\/ricoh-pro-c7100\/","title":{"rendered":"Ricoh PRO C7100"},"content":{"rendered":"<p>GENERAL<\/p>\n<p>Tiempo de calentamiento menos 300 segundos<\/p>\n<p>Resoluci\u00f3n Copiado \/ Impresi\u00f3n 600ppp \/ 1200x4800ppp<\/p>\n<p>Velocidad de salida continua: 75 p\u00e1ginas por minuto<\/p>\n<p>Memoria &#8211; Est\u00e1ndar 4 GB<\/p>\n<p>HDD &#8211; Est\u00e1ndar 1TB<\/p>\n<p>Dimensiones (An x Pr x Al) 1320 x 910 x 1230mm<\/p>\n<p>Peso Menos 560 kilos<\/p>\n<p>Fuente de alimentaci\u00f3n 220-240V, 16A, x2 50\/60Hz<\/p>\n","protected":false},"excerpt":{"rendered":"<p>GENERAL Tiempo de calentamiento menos 300 segundos Resoluci\u00f3n Copiado \/ Impresi\u00f3n 600ppp \/ 1200x4800ppp Velocidad de salida continua: 75 p\u00e1ginas por minuto Memoria &#8211; Est\u00e1ndar 4 GB HDD &#8211; Est\u00e1ndar 1TB Dimensiones (An x Pr x Al) 1320 x 910 x 1230mm Peso Menos 560 kilos Fuente de alimentaci\u00f3n 220-240V, 16A, x2 50\/60Hz<\/p>\n","protected":false},"featured_media":2068,"comment_status":"open","ping_status":"closed","template":"","meta":[],"yoast_head":"<!-- This site is optimized with the Yoast SEO Premium plugin v16.2 - https:\/\/yoast.com\/wordpress\/plugins\/seo\/ -->\n<title>Ricoh PRO C7100 - Solutec<\/title>\n<meta name=\"robots\" content=\"index, follow, max-snippet:-1, max-image-preview:large, max-video-preview:-1\" \/>\n<link rel=\"canonical\" href=\"https:\/\/soluteccol.com\/nuevapag\/product\/ricoh-pro-c7100\/\" \/>\n<meta property=\"og:locale\" content=\"es_ES\" \/>\n<meta property=\"og:type\" content=\"article\" \/>\n<meta property=\"og:title\" content=\"Ricoh PRO C7100 - Solutec\" \/>\n<meta property=\"og:description\" content=\"GENERAL Tiempo de calentamiento menos 300 segundos Resoluci\u00f3n Copiado \/ Impresi\u00f3n 600ppp \/ 1200x4800ppp Velocidad de salida continua: 75 p\u00e1ginas por minuto Memoria &#8211; Est\u00e1ndar 4 GB HDD &#8211; Est\u00e1ndar 1TB Dimensiones (An x Pr x Al) 1320 x 910 x 1230mm Peso Menos 560 kilos Fuente de alimentaci\u00f3n 220-240V, 16A, x2 50\/60Hz\" \/>\n<meta property=\"og:url\" content=\"https:\/\/soluteccol.com\/nuevapag\/product\/ricoh-pro-c7100\/\" \/>\n<meta property=\"og:site_name\" content=\"Solutec\" \/>\n<meta property=\"article:modified_time\" content=\"2024-10-11T18:22:15+00:00\" \/>\n<meta name=\"twitter:card\" content=\"summary_large_image\" \/>\n<meta name=\"twitter:image\" content=\"https:\/\/soluteccol.com\/nuevapag\/wp-content\/uploads\/2024\/09\/PRO-C7100.webp\" \/>\n<meta name=\"twitter:label1\" content=\"Precio\">\n\t<meta name=\"twitter:data1\" content=\"\">\n\t<meta name=\"twitter:label2\" content=\"Availability\">\n\t<meta name=\"twitter:data2\" content=\"In stock\">\n<script type=\"application\/ld+json\" class=\"yoast-schema-graph\">{\"@context\":\"https:\/\/schema.org\",\"@graph\":[{\"@type\":\"WebSite\",\"@id\":\"https:\/\/soluteccol.com\/nuevapag\/#website\",\"url\":\"https:\/\/soluteccol.com\/nuevapag\/\",\"name\":\"Solutec\",\"description\":\"\",\"potentialAction\":[{\"@type\":\"SearchAction\",\"target\":\"https:\/\/soluteccol.com\/nuevapag\/?s={search_term_string}\",\"query-input\":\"required name=search_term_string\"}],\"inLanguage\":\"es\"},{\"@type\":\"ImageObject\",\"@id\":\"https:\/\/soluteccol.com\/nuevapag\/product\/ricoh-pro-c7100\/#primaryimage\",\"inLanguage\":\"es\",\"url\":\"https:\/\/soluteccol.com\/nuevapag\/wp-content\/uploads\/2024\/09\/PRO-C7100.webp\",\"contentUrl\":\"https:\/\/soluteccol.com\/nuevapag\/wp-content\/uploads\/2024\/09\/PRO-C7100.webp\",\"width\":1024,\"height\":1024},{\"@type\":\"WebPage\",\"@id\":\"https:\/\/soluteccol.com\/nuevapag\/product\/ricoh-pro-c7100\/#webpage\",\"url\":\"https:\/\/soluteccol.com\/nuevapag\/product\/ricoh-pro-c7100\/\",\"name\":\"Ricoh PRO C7100 - Solutec\",\"isPartOf\":{\"@id\":\"https:\/\/soluteccol.com\/nuevapag\/#website\"},\"primaryImageOfPage\":{\"@id\":\"https:\/\/soluteccol.com\/nuevapag\/product\/ricoh-pro-c7100\/#primaryimage\"},\"datePublished\":\"2024-10-04T15:23:48+00:00\",\"dateModified\":\"2024-10-11T18:22:15+00:00\",\"breadcrumb\":{\"@id\":\"https:\/\/soluteccol.com\/nuevapag\/product\/ricoh-pro-c7100\/#breadcrumb\"},\"inLanguage\":\"es\",\"potentialAction\":[{\"@type\":\"ReadAction\",\"target\":[\"https:\/\/soluteccol.com\/nuevapag\/product\/ricoh-pro-c7100\/\"]}]},{\"@type\":\"BreadcrumbList\",\"@id\":\"https:\/\/soluteccol.com\/nuevapag\/product\/ricoh-pro-c7100\/#breadcrumb\",\"itemListElement\":[{\"@type\":\"ListItem\",\"position\":1,\"item\":{\"@type\":\"WebPage\",\"@id\":\"https:\/\/soluteccol.com\/nuevapag\/\",\"url\":\"https:\/\/soluteccol.com\/nuevapag\/\",\"name\":\"Inicio\"}},{\"@type\":\"ListItem\",\"position\":2,\"item\":{\"@type\":\"WebPage\",\"@id\":\"https:\/\/soluteccol.com\/nuevapag\/tienda\/\",\"url\":\"https:\/\/soluteccol.com\/nuevapag\/tienda\/\",\"name\":\"Tienda\"}},{\"@type\":\"ListItem\",\"position\":3,\"item\":{\"@id\":\"https:\/\/soluteccol.com\/nuevapag\/product\/ricoh-pro-c7100\/#webpage\"}}]}]}<\/script>\n<!-- \/ Yoast SEO Premium plugin. -->","_links":{"self":[{"href":"https:\/\/soluteccol.com\/nuevapag\/wp-json\/wp\/v2\/product\/2505"}],"collection":[{"href":"https:\/\/soluteccol.com\/nuevapag\/wp-json\/wp\/v2\/product"}],"about":[{"href":"https:\/\/soluteccol.com\/nuevapag\/wp-json\/wp\/v2\/types\/product"}],"replies":[{"embeddable":true,"href":"https:\/\/soluteccol.com\/nuevapag\/wp-json\/wp\/v2\/comments?post=2505"}],"wp:featuredmedia":[{"embeddable":true,"href":"https:\/\/soluteccol.com\/nuevapag\/wp-json\/wp\/v2\/media\/2068"}],"wp:attachment":[{"href":"https:\/\/soluteccol.com\/nuevapag\/wp-json\/wp\/v2\/media?parent=2505"}],"curies":[{"name":"wp","href":"https:\/\/api.w.org\/{rel}","templated":true}]}}